{"id":3,"date":"2018-12-18T09:24:38","date_gmt":"2018-12-18T09:24:38","guid":{"rendered":"http:\/\/notificationx.com\/?page_id=3"},"modified":"2020-12-06T08:58:39","modified_gmt":"2020-12-06T08:58:39","slug":"privacy-policy","status":"publish","type":"page","link":"https:\/\/notificationx.com\/pt\/privacy-policy\/","title":{"rendered":"Pol\u00edtica de Privacidade"},"content":{"rendered":"<h2 class=\"wp-block-heading\">Quem n\u00f3s somos<\/h2>\r\n\r\n\r\n\r\n<p>O endere\u00e7o do nosso site \u00e9 http:\/\/notificationx.com.<\/p>\r\n\r\n\r\n\r\n<h2 class=\"wp-block-heading\">Quais dados pessoais coletamos e por que os coletamos<\/h2>\r\n\r\n\r\n\r\n<h3 class=\"wp-block-heading\">Coment\u00e1rios<\/h3>\r\n\r\n\r\n\r\n<p>Quando os visitantes deixam coment\u00e1rios no site, coletamos os dados mostrados no formul\u00e1rio de coment\u00e1rios, e tamb\u00e9m o endere\u00e7o IP do visitante e a string do agente do usu\u00e1rio do navegador para ajudar na detec\u00e7\u00e3o de spam.<\/p>\r\n\r\n\r\n\r\n<p>Uma string an\u00f4nima criada a partir do seu endere\u00e7o de e-mail (tamb\u00e9m chamada de hash) pode ser fornecida ao servi\u00e7o Gravatar para ver se voc\u00ea a est\u00e1 usando. A pol\u00edtica de privacidade do servi\u00e7o Gravatar est\u00e1 dispon\u00edvel aqui: https:\/\/automattic.com\/privacy\/. Ap\u00f3s a aprova\u00e7\u00e3o do seu coment\u00e1rio, a foto do seu perfil ficar\u00e1 vis\u00edvel para o p\u00fablico no contexto do seu coment\u00e1rio.<\/p>\r\n\r\n\r\n\r\n<h3 class=\"wp-block-heading\">meios de comunica\u00e7\u00e3o<\/h3>\r\n\r\n\r\n\r\n<p>Se voc\u00ea enviar imagens para o site, evite enviar imagens com dados de localiza\u00e7\u00e3o incorporados (EXIF GPS) inclu\u00eddos. Os visitantes do site podem baixar e extrair quaisquer dados de localiza\u00e7\u00e3o das imagens no site.<\/p>\r\n\r\n\r\n\r\n<h3 class=\"wp-block-heading\">Formul\u00e1rios de contato<\/h3>\r\n\r\n\r\n\r\n<h3 class=\"wp-block-heading\">Biscoitos<\/h3>\r\n\r\n\r\n\r\n<p>Se voc\u00ea deixar um coment\u00e1rio em nosso site, poder\u00e1 optar por salvar seu nome, endere\u00e7o de e-mail e site em cookies. Eles s\u00e3o para sua conveni\u00eancia, para que voc\u00ea n\u00e3o precise preencher seus dados novamente quando fizer outro coment\u00e1rio. Esses cookies v\u00e3o durar um ano.<\/p>\r\n\r\n\r\n\r\n<p>Se voc\u00ea tiver uma conta e fizer login neste site, definiremos um cookie tempor\u00e1rio para determinar se o seu navegador aceita cookies. Este cookie n\u00e3o cont\u00e9m dados pessoais e \u00e9 descartado quando voc\u00ea fecha o navegador.<\/p>\r\n\r\n\r\n\r\n<p>Quando voc\u00ea faz login, n\u00f3s tamb\u00e9m configuramos v\u00e1rios cookies para salvar suas informa\u00e7\u00f5es de login e suas op\u00e7\u00f5es de exibi\u00e7\u00e3o na tela. Os cookies de login duram dois dias e os cookies de op\u00e7\u00f5es de tela duram um ano. Se voc\u00ea selecionar \u201cLembrar-me\u201d, seu login persistir\u00e1 por duas semanas. Se voc\u00ea sair da sua conta, os cookies de login ser\u00e3o removidos.<\/p>\r\n\r\n\r\n\r\n<p>Se voc\u00ea editar ou publicar um artigo, um cookie adicional ser\u00e1 salvo em seu navegador. Este cookie n\u00e3o inclui dados pessoais e simplesmente indica o post ID do artigo que voc\u00ea acabou de editar. Ele expira ap\u00f3s 1 dia.<\/p>\r\n\r\n\r\n\r\n<h3 class=\"wp-block-heading\">Conte\u00fado incorporado de outros sites<\/h3>\r\n\r\n\r\n\r\n<p>Os artigos neste site podem incluir conte\u00fado incorporado (por exemplo, v\u00eddeos, imagens, artigos, etc.). O conte\u00fado incorporado de outros sites se comporta exatamente da mesma maneira como se o visitante tivesse visitado o outro site.<\/p>\r\n\r\n\r\n\r\n<p>Esses sites podem coletar dados sobre voc\u00ea, usar cookies, incorporar rastreamento adicional de terceiros e monitorar sua intera\u00e7\u00e3o com esse conte\u00fado incorporado, incluindo o rastreamento de sua intera\u00e7\u00e3o com o conte\u00fado incorporado, se voc\u00ea tiver uma conta e estiver conectado a esse site.<\/p>\r\n\r\n\r\n\r\n<h3 class=\"wp-block-heading\">Google Analytics<\/h3>\r\n\r\n\r\n\r\n<h2 class=\"wp-block-heading\">Com quem compartilhamos seus dados<\/h2>\r\n\r\n\r\n\r\n<h2 class=\"wp-block-heading\">Por quanto tempo retemos seus dados<\/h2>\r\n\r\n\r\n\r\n<p>Se voc\u00ea deixar um coment\u00e1rio, o coment\u00e1rio e seus metadados ser\u00e3o retidos indefinidamente. Isso \u00e9 para que possamos reconhecer e aprovar quaisquer coment\u00e1rios de acompanhamento automaticamente, em vez de mant\u00ea-los em uma fila de modera\u00e7\u00e3o.<\/p>\r\n\r\n\r\n\r\n<p>Para usu\u00e1rios que se cadastram em nosso site (se houver), tamb\u00e9m armazenamos as informa\u00e7\u00f5es pessoais que eles fornecem em seu perfil de usu\u00e1rio. Todos os usu\u00e1rios podem ver, editar ou excluir suas informa\u00e7\u00f5es pessoais a qualquer momento (exceto eles n\u00e3o podem alterar seu nome de usu\u00e1rio). Os administradores do site tamb\u00e9m podem ver e editar essas informa\u00e7\u00f5es.<\/p>\r\n\r\n\r\n\r\n<h2 class=\"wp-block-heading\">Quais direitos voc\u00ea tem sobre seus dados<\/h2>\r\n\r\n\r\n\r\n<p>Se voc\u00ea possui uma conta neste site ou deixou coment\u00e1rios, pode solicitar o recebimento de um arquivo exportado dos dados pessoais que mantemos sobre voc\u00ea, incluindo quaisquer dados que voc\u00ea nos forneceu. Voc\u00ea tamb\u00e9m pode solicitar que apagemos todos os dados pessoais que temos sobre voc\u00ea. Isso n\u00e3o inclui quaisquer dados que somos obrigados a manter para fins administrativos, jur\u00eddicos ou de seguran\u00e7a.<\/p>\r\n\r\n\r\n\r\n<h2 class=\"wp-block-heading\">Para onde enviamos seus dados<\/h2>\r\n\r\n\r\n\r\n<p>Os coment\u00e1rios dos visitantes podem ser verificados atrav\u00e9s de um servi\u00e7o automatizado de detec\u00e7\u00e3o de spam.<\/p>\r\n\r\n\r\n\r\n<h2 class=\"wp-block-heading\">Sua informa\u00e7\u00e3o de contato<\/h2>\r\n\r\n\r\n\r\n<h2 class=\"wp-block-heading\">Informa\u00e7\u00e3o adicional<\/h2>\r\n\r\n\r\n\r\n<h3 class=\"wp-block-heading\">Como protegemos seus dados<\/h3>\r\n\r\n\r\n\r\n<h3 class=\"wp-block-heading\">Que procedimentos de viola\u00e7\u00e3o de dados temos em vigor<\/h3>\r\n\r\n\r\n\r\n<h3 class=\"wp-block-heading\">De que terceiros recebemos dados de<\/h3>\r\n\r\n\r\n\r\n<h3 class=\"wp-block-heading\">Que tomada de decis\u00e3o e \/ ou cria\u00e7\u00e3o de perfil automatizada fazemos com dados do usu\u00e1rio<\/h3>\r\n\r\n\r\n\r\n<h3 class=\"wp-block-heading\">Requisitos de divulga\u00e7\u00e3o regulamentar da ind\u00fastria<\/h3>\r\n<p>&nbsp;<\/p>\r\n<h2 id=\"nx-ga-app\">Aplicativo NotificationX do Google Analytics<\/h2>\r\n<p><strong>Dados que estamos solicitando<\/strong><br \/>Estamos usando a API do Analytics para obter listas de propriedades, total de visualiza\u00e7\u00f5es e visualiza\u00e7\u00f5es ao vivo para a propriedade do Analytics selecionada pelo usu\u00e1rio.<\/p>\r\n<p><br \/><strong>Como e por que os dados s\u00e3o coletados<\/strong><br \/>Os dados s\u00e3o coletados para mostrar a vis\u00e3o do site nos sites dos usu\u00e1rios. As solicita\u00e7\u00f5es de API s\u00e3o feitas diretamente dos sites dos usu\u00e1rios e armazenadas em seus sites.<\/p>\r\n<p>Estamos usando a API do Analytics para mostrar as visualiza\u00e7\u00f5es dos sites nos sites dos usu\u00e1rios.<\/p>\r\n<p>Nosso servidor apenas gera o token de API e o redireciona para o site do usu\u00e1rio. Nada est\u00e1 sendo armazenado em nosso servidor.<\/p>\r\n<p><br \/><strong>APIs que estamos usando<\/strong><br \/><strong>Alcance:<\/strong> https:\/\/www.googleapis.com\/auth\/analytics.readonly<\/p>\r\n<p><strong>Google Analytics API e Google Analytics Admin API<\/strong><br \/>Usamos essa API para obter uma lista de listas de contas e propriedades do Google Analytics (com visualiza\u00e7\u00f5es, se dispon\u00edveis). Combinamos o resultado do Universal Analytics e do GA4 para mostrar uma lista de propriedades do Analytics para o usu\u00e1rio escolher.<\/p>\r\n<p><strong>API de relat\u00f3rios do Analytics e API de dados do Google Analytics (GA4)<\/strong><br \/>Usamos essa API para obter um relat\u00f3rio do Analytics para o total de usu\u00e1rios ou usu\u00e1rios ativos. Usamos Google Analytics Data API (GA4) ou Analytics Reporting API com base na escolha do usu\u00e1rio.<\/p>\r\n<p>&nbsp;<\/p>\r\n<p><i><span style=\"font-weight: 400;\">O uso de informa\u00e7\u00f5es recebidas de APIs do Google pela NotificationX obedecer\u00e1 aos <\/span><\/i><a href=\"https:\/\/developers.google.com\/terms\/api-services-user-data-policy#additional_requirements_for_specific_api_scopes\" target=\"_blank\" rel=\"noopener\"><i><span style=\"font-weight: 400;\">Pol\u00edtica de dados do usu\u00e1rio dos servi\u00e7os de API do Google<\/span><\/i><\/a><i><span style=\"font-weight: 400;\">, incluindo os requisitos de uso limitado.<\/span><\/i><\/p>","protected":false},"excerpt":{"rendered":"<p>Who we are Our website address is http:\/\/notificationx.com. What personal data we collect and why we collect it Comments When visitors leave comments on the site we collect the data shown in the comments form, and also the visitor\u2019s IP address and browser user agent string to help spam detection. An anonymized string created from [&hellip;]<\/p>\n","protected":false},"author":1,"featured_media":0,"parent":0,"menu_order":0,"comment_status":"closed","ping_status":"closed","template":"","meta":{"_eb_attr":"","inline_featured_image":false,"_eb_data_table":"","_analytify_skip_tracking":false,"footnotes":""},"class_list":["post-3","page","type-page","status-publish","hentry"],"_links":{"self":[{"href":"https:\/\/notificationx.com\/pt\/wp-json\/wp\/v2\/pages\/3","targetHints":{"allow":["GET"]}}],"collection":[{"href":"https:\/\/notificationx.com\/pt\/wp-json\/wp\/v2\/pages"}],"about":[{"href":"https:\/\/notificationx.com\/pt\/wp-json\/wp\/v2\/types\/page"}],"author":[{"embeddable":true,"href":"https:\/\/notificationx.com\/pt\/wp-json\/wp\/v2\/users\/1"}],"replies":[{"embeddable":true,"href":"https:\/\/notificationx.com\/pt\/wp-json\/wp\/v2\/comments?post=3"}],"version-history":[{"count":7,"href":"https:\/\/notificationx.com\/pt\/wp-json\/wp\/v2\/pages\/3\/revisions"}],"predecessor-version":[{"id":4999,"href":"https:\/\/notificationx.com\/pt\/wp-json\/wp\/v2\/pages\/3\/revisions\/4999"}],"wp:attachment":[{"href":"https:\/\/notificationx.com\/pt\/wp-json\/wp\/v2\/media?parent=3"}],"curies":[{"name":"wp","href":"https:\/\/api.w.org\/{rel}","templated":true}]}}