{"id":125,"date":"2019-04-08T14:02:22","date_gmt":"2019-04-08T14:02:22","guid":{"rendered":"http:\/\/notificationx.com\/?page_id=125"},"modified":"2025-03-24T08:27:56","modified_gmt":"2025-03-24T08:27:56","slug":"support","status":"publish","type":"page","link":"https:\/\/notificationx.com\/de\/support\/","title":{"rendered":"Unterst\u00fctzung"},"content":{"rendered":"<div data-elementor-type=\"wp-post\" data-elementor-id=\"125\" class=\"elementor elementor-125\" data-elementor-post-type=\"page\">\n\t\t\t\t\t\t<section data-particle_enable=\"false\" data-particle-mobile-disabled=\"false\" class=\"elementor-section elementor-top-section elementor-element elementor-element-7979ad8 elementor-section-boxed elementor-section-height-default elementor-section-height-default\" data-id=\"7979ad8\" data-element_type=\"section\" data-e-type=\"section\" data-settings=\"{&quot;background_background&quot;:&quot;gradient&quot;}\">\n\t\t\t\t\t\t\t<div class=\"elementor-background-overlay\"><\/div>\n\t\t\t\t\t\t\t<div class=\"elementor-container elementor-column-gap-default\">\n\t\t\t\t\t<div class=\"elementor-column elementor-col-100 elementor-top-column elementor-element elementor-element-c47dc8f\" data-id=\"c47dc8f\" data-element_type=\"column\" data-e-type=\"column\">\n\t\t\t<div class=\"elementor-widget-wrap elementor-element-populated\">\n\t\t\t\t\t\t<div class=\"elementor-element elementor-element-0948415 elementor-widget elementor-widget-heading\" data-id=\"0948415\" data-element_type=\"widget\" data-e-type=\"widget\" data-widget_type=\"heading.default\">\n\t\t\t\t<div class=\"elementor-widget-container\">\n\t\t\t\t\t<h1 class=\"elementor-heading-title elementor-size-default\">Unterst\u00fctzung<\/h1>\t\t\t\t<\/div>\n\t\t\t\t<\/div>\n\t\t\t\t<div class=\"elementor-element elementor-element-c5afddb elementor-widget elementor-widget-text-editor\" data-id=\"c5afddb\" data-element_type=\"widget\" data-e-type=\"widget\" data-widget_type=\"text-editor.default\">\n\t\t\t\t<div class=\"elementor-widget-container\">\n\t\t\t\t\t\t\t\t\t<p>Ben\u00f6tigen Sie Hilfe bei einem Produkt? M\u00f6chten Sie mit uns Kontakt aufnehmen? Du bist am richtigen Ort.<\/p>\t\t\t\t\t\t\t\t<\/div>\n\t\t\t\t<\/div>\n\t\t\t\t\t<\/div>\n\t\t<\/div>\n\t\t\t\t\t<\/div>\n\t\t<\/section>\n\t\t\t\t<section data-particle_enable=\"false\" data-particle-mobile-disabled=\"false\" class=\"elementor-section elementor-top-section elementor-element elementor-element-f03048b elementor-section-boxed elementor-section-height-default elementor-section-height-default\" data-id=\"f03048b\" data-element_type=\"section\" data-e-type=\"section\" data-settings=\"{&quot;background_background&quot;:&quot;classic&quot;}\">\n\t\t\t\t\t\t\t<div class=\"elementor-background-overlay\"><\/div>\n\t\t\t\t\t\t\t<div class=\"elementor-container elementor-column-gap-default\">\n\t\t\t\t\t<div class=\"elementor-column elementor-col-100 elementor-top-column elementor-element elementor-element-71b07c5\" data-id=\"71b07c5\" data-element_type=\"column\" data-e-type=\"column\">\n\t\t\t<div class=\"elementor-widget-wrap elementor-element-populated\">\n\t\t\t\t\t\t<section data-particle_enable=\"false\" data-particle-mobile-disabled=\"false\" class=\"elementor-section elementor-inner-section elementor-element elementor-element-c91bb79 elementor-section-boxed elementor-section-height-default elementor-section-height-default\" data-id=\"c91bb79\" data-element_type=\"section\" data-e-type=\"section\">\n\t\t\t\t\t\t<div class=\"elementor-container elementor-column-gap-no\">\n\t\t\t\t\t<div class=\"elementor-column elementor-col-50 elementor-inner-column elementor-element elementor-element-bf414dc\" data-id=\"bf414dc\" data-element_type=\"column\" data-e-type=\"column\">\n\t\t\t<div class=\"elementor-widget-wrap elementor-element-populated\">\n\t\t\t\t\t\t<div class=\"elementor-element elementor-element-adcbd2b open-live-chat eael-infobox-shape-square eael-infobox-hover-img-shape-square elementor-widget elementor-widget-eael-info-box\" data-id=\"adcbd2b\" data-element_type=\"widget\" data-e-type=\"widget\" data-widget_type=\"eael-info-box.default\">\n\t\t\t\t<div class=\"elementor-widget-container\">\n\t\t\t\t\t        <div class=\"eael-infobox icon-on-left\">\n\t            <div class=\"infobox-icon\">\n\n                            <img decoding=\"async\" src=\"https:\/\/notificationx.com\/wp-content\/uploads\/2019\/07\/Icon-1.png\" alt=\"\" title=\"\">\n            \n            \n            \n        <\/div>\n            <div class=\"infobox-content\">\n                    <div class=\"infobox-title-section\">\n                <h2 class=\"title\">Allgemeine Anfragen<\/h2>            <\/div>\n            <div>Wenn Sie kein Pro-Benutzer sind, k\u00f6nnen Sie sich trotzdem an den Live-Chat-Support wenden. Es umfasst Vorverkaufsanfragen, allgemeine Anfragen und sofortige Unterst\u00fctzung f\u00fcr Kunden.<\/div>        <div class=\"infobox-button\">\n            <a class=\"eael-infobox-button\" href=\"https:\/\/wpdeveloper.com\/support\/\" target=\"_blank\" rel=\"noopener\">\n                                                <span class=\"infobox-button-text\">Starten Sie den Live-Chat<\/span>\n                            <\/a>\n        <\/div>\n            <\/div>\n            <\/div>\n\n\t\t\t\t\t\t<\/div>\n\t\t\t\t<\/div>\n\t\t\t\t<div class=\"elementor-element elementor-element-a8f1a64 eael-infobox-shape-square eael-infobox-hover-img-shape-square elementor-widget elementor-widget-eael-info-box\" data-id=\"a8f1a64\" data-element_type=\"widget\" data-e-type=\"widget\" data-widget_type=\"eael-info-box.default\">\n\t\t\t\t<div class=\"elementor-widget-container\">\n\t\t\t\t\t        <div class=\"eael-infobox icon-on-left\">\n\t            <div class=\"infobox-icon\">\n\n                            <img decoding=\"async\" src=\"https:\/\/notificationx.com\/wp-content\/uploads\/2019\/07\/Icon3.png\" alt=\"\" title=\"\">\n            \n            \n            \n        <\/div>\n            <div class=\"infobox-content\">\n                    <div class=\"infobox-title-section\">\n                <h2 class=\"title\">Dokumentation<\/h2>            <\/div>\n            <div>Deckt unsere Nutzungsrichtlinien f\u00fcr Websites und Produktdokumentationen ab. Holen Sie sich schnelle Hilfe zu allgemeinen Themen. <\/div>        <div class=\"infobox-button\">\n            <a class=\"eael-infobox-button\" href=\"http:\/\/notificationx.com\/de\/docs\/\" target=\"_blank\">\n                                                <span class=\"infobox-button-text\">Instruktionen befolgen<\/span>\n                            <\/a>\n        <\/div>\n            <\/div>\n            <\/div>\n\n\t\t\t\t\t\t<\/div>\n\t\t\t\t<\/div>\n\t\t\t\t\t<\/div>\n\t\t<\/div>\n\t\t\t\t<div class=\"elementor-column elementor-col-50 elementor-inner-column elementor-element elementor-element-351c16e\" data-id=\"351c16e\" data-element_type=\"column\" data-e-type=\"column\">\n\t\t\t<div class=\"elementor-widget-wrap elementor-element-populated\">\n\t\t\t\t\t\t<div class=\"elementor-element elementor-element-8fe1fd3 eael-infobox-shape-square eael-infobox-hover-img-shape-square elementor-widget elementor-widget-eael-info-box\" data-id=\"8fe1fd3\" data-element_type=\"widget\" data-e-type=\"widget\" data-widget_type=\"eael-info-box.default\">\n\t\t\t\t<div class=\"elementor-widget-container\">\n\t\t\t\t\t        <div class=\"eael-infobox icon-on-left\">\n\t            <div class=\"infobox-icon\">\n\n                            <img decoding=\"async\" src=\"https:\/\/notificationx.com\/wp-content\/uploads\/2019\/07\/Icon2.png\" alt=\"\" title=\"\">\n            \n            \n            \n        <\/div>\n            <div class=\"infobox-content\">\n                    <div class=\"infobox-title-section\">\n                <h2 class=\"title\">Priority Support<\/h2>            <\/div>\n            <div>Erhalten Sie vorrangigen Support mit garantierten, schnellen Antwortzeiten. Am Wochenende kann es einige Stunden dauern.<\/div>        <div class=\"infobox-button\">\n            <a class=\"eael-infobox-button\" href=\"https:\/\/wpdeveloper.com\/support\/new-ticket\/\" target=\"_blank\" rel=\"noopener\">\n                                                <span class=\"infobox-button-text\">Ticket erstellen<\/span>\n                            <\/a>\n        <\/div>\n            <\/div>\n            <\/div>\n\n\t\t\t\t\t\t<\/div>\n\t\t\t\t<\/div>\n\t\t\t\t<div class=\"elementor-element elementor-element-c462a3a eael-infobox-shape-square eael-infobox-hover-img-shape-square elementor-widget elementor-widget-eael-info-box\" data-id=\"c462a3a\" data-element_type=\"widget\" data-e-type=\"widget\" data-widget_type=\"eael-info-box.default\">\n\t\t\t\t<div class=\"elementor-widget-container\">\n\t\t\t\t\t        <div class=\"eael-infobox icon-on-left\">\n\t            <div class=\"infobox-icon\">\n\n                            <img decoding=\"async\" src=\"https:\/\/notificationx.com\/wp-content\/uploads\/2019\/07\/Icon4.png\" alt=\"\" title=\"\">\n            \n            \n            \n        <\/div>\n            <div class=\"infobox-content\">\n                    <div class=\"infobox-title-section\">\n                <h2 class=\"title\">Gemeinschaftsforum<\/h2>            <\/div>\n            <div>Durchsuchen Sie alle \u00f6ffentlichen Tickets und erhalten Sie ganz einfach L\u00f6sungen. Sie k\u00f6nnen sich auch mit der Community verbinden und Hilfe und Vorschl\u00e4ge erhalten.<\/div>        <div class=\"infobox-button\">\n            <a class=\"eael-infobox-button\" href=\"https:\/\/www.facebook.com\/groups\/NotificationX.Community\/\" target=\"_blank\" rel=\"noopener\">\n                                                <span class=\"infobox-button-text\">Gruppe beitreten<\/span>\n                            <\/a>\n        <\/div>\n            <\/div>\n            <\/div>\n\n\t\t\t\t\t\t<\/div>\n\t\t\t\t<\/div>\n\t\t\t\t\t<\/div>\n\t\t<\/div>\n\t\t\t\t\t<\/div>\n\t\t<\/section>\n\t\t\t\t\t<\/div>\n\t\t<\/div>\n\t\t\t\t\t<\/div>\n\t\t<\/section>\n\t\t\t\t<\/div>","protected":false},"excerpt":{"rendered":"<p>Support Need help with any product? Want to contact with us? You&#8217;re at right place. General Enquirers If you\u2019re not a Pro user you can still get in touch with the live chat support. It covers pre-sale queries, general enquiries and instant support for customers. Start Live Chat Documentation Covers our website usage guidelines and [&hellip;]<\/p>\n","protected":false},"author":3,"featured_media":2870,"parent":0,"menu_order":0,"comment_status":"closed","ping_status":"closed","template":"template-no-container-1.php","meta":{"_eb_attr":"","inline_featured_image":false,"_eb_data_table":"","_analytify_skip_tracking":false,"footnotes":""},"class_list":["post-125","page","type-page","status-publish","has-post-thumbnail","hentry"],"_links":{"self":[{"href":"https:\/\/notificationx.com\/de\/wp-json\/wp\/v2\/pages\/125","targetHints":{"allow":["GET"]}}],"collection":[{"href":"https:\/\/notificationx.com\/de\/wp-json\/wp\/v2\/pages"}],"about":[{"href":"https:\/\/notificationx.com\/de\/wp-json\/wp\/v2\/types\/page"}],"author":[{"embeddable":true,"href":"https:\/\/notificationx.com\/de\/wp-json\/wp\/v2\/users\/3"}],"replies":[{"embeddable":true,"href":"https:\/\/notificationx.com\/de\/wp-json\/wp\/v2\/comments?post=125"}],"version-history":[{"count":47,"href":"https:\/\/notificationx.com\/de\/wp-json\/wp\/v2\/pages\/125\/revisions"}],"predecessor-version":[{"id":18259,"href":"https:\/\/notificationx.com\/de\/wp-json\/wp\/v2\/pages\/125\/revisions\/18259"}],"wp:featuredmedia":[{"embeddable":true,"href":"https:\/\/notificationx.com\/de\/wp-json\/wp\/v2\/media\/2870"}],"wp:attachment":[{"href":"https:\/\/notificationx.com\/de\/wp-json\/wp\/v2\/media?parent=125"}],"curies":[{"name":"wp","href":"https:\/\/api.w.org\/{rel}","templated":true}]}}